{"id":2,"date":"2015-03-14T14:45:50","date_gmt":"2015-03-14T14:45:50","guid":{"rendered":"http:\/\/frauensachen-bremen.de\/?page_id=2"},"modified":"2025-03-03T07:57:49","modified_gmt":"2025-03-03T07:57:49","slug":"sample-page","status":"publish","type":"page","link":"https:\/\/frauensachen-bremen.de\/","title":{"rendered":"Home"},"content":{"rendered":"\n<h2 class=\"wp-block-heading\">Entspanntes St\u00f6bern bei Kaffee <br>und Keksen<\/h2>\n\n\n\n<p><span class=\"initiale\">W<\/span>ir verkaufen modische Kleidung f\u00fcr Frauen, Modeschmuck, Wohndekoration, Schuhe, Handtaschen und alles was Frau &#8222;unbedingt!&#8220; braucht. Geboten wird Ihnen eine gro\u00dfe Auswahl gut erhaltener Artikel in angenehm unkompliziertem Ambiente.Hier finden Sie alles von zeitlosen Basics \u00fcber ausgefallene Einzelst\u00fccke bis hin zu modischen Accessoires f\u00fcr Sie und Ihr Zuhause. Kommen Sie, st\u00f6bern Sie durch unser vielf\u00e4ltiges, st\u00e4ndig wechselndes Angebot und lassen Sie sich \u00fcberraschen!<\/p>\n\n\n\n<h3 class=\"wp-block-heading\">Wir freuen uns auf Ihren Besuch!<\/h3>\n\n\n\n<h3 class=\"wp-block-heading\">Kerstin, Beate und Britta<\/h3>\n\n\n<div class=\"wp-block-image\">\n<figure class=\"aligncenter size-full\"><img loading=\"lazy\" decoding=\"async\" width=\"1024\" height=\"768\" src=\"http:\/\/frauensachen-bremen.de\/wp-content\/uploads\/2022\/06\/WhatsApp-Image-2022-06-02-at-16.04.45.jpeg\" alt=\"\" class=\"wp-image-104\" srcset=\"https:\/\/frauensachen-bremen.de\/wp-content\/uploads\/2022\/06\/WhatsApp-Image-2022-06-02-at-16.04.45.jpeg 1024w, https:\/\/frauensachen-bremen.de\/wp-content\/uploads\/2022\/06\/WhatsApp-Image-2022-06-02-at-16.04.45-300x225.jpeg 300w, https:\/\/frauensachen-bremen.de\/wp-content\/uploads\/2022\/06\/WhatsApp-Image-2022-06-02-at-16.04.45-768x576.jpeg 768w\" sizes=\"auto, (max-width: 1024px) 100vw, 1024px\" \/><\/figure>\n<\/div>\n\n\n<h2 class=\"wp-block-heading\">Infos zum Ankauf:<\/h2>\n\n\n\n<p>Damit wir Ihnen ein wechselndes Angebot pr\u00e4sentieren k\u00f6nnen suchen wir saisonal nach Bekleidung und Accessoires. (Wir bieten keine Kommission an)<br>Es kommen immer mal Zeiten, in denen wir keine Ware annehmen k\u00f6nnen.<br>Darum bitte vorher telefonisch einen Termin vereinbaren: <a href=\"tel:+4942159639030\">+49421 59639030<\/a><\/p>\n\n\n\n<h2 class=\"wp-block-heading\">Kontakt<\/h2>\n\n\n\n<p><strong>Frauensache(n)Second Hand<\/strong><br> An- und Verkauf<br>Buntentorsteinweg 85<br>28201 Bremen<br>Telefon: 0421-59639030<br><br>Haltestelle Schwankhalle (Linie 4) <br><br><strong>Unsere aktuellen \u00d6ffnungszeiten finden Sie bei <a href=\"https:\/\/g.co\/kgs\/Ndf88aV\" target=\"_blank\" rel=\"noreferrer noopener\">Google<\/a>.<\/strong><\/p>\n","protected":false},"excerpt":{"rendered":"<p>Entspanntes St\u00f6bern bei Kaffee und Keksen Wir verkaufen modische Kleidung f\u00fcr Frauen, Modeschmuck, Wohndekoration, Schuhe, Handtaschen und alles was Frau &#8222;unbedingt!&#8220; braucht. Geboten wird Ihnen eine gro\u00dfe Auswahl gut erhaltener Artikel in angenehm unkompliziertem Ambiente.Hier finden Sie alles von zeitlosen Basics \u00fcber ausgefallene Einzelst\u00fccke bis hin zu modischen Accessoires f\u00fcr Sie und Ihr Zuhause. Kommen &hellip; <a href=\"https:\/\/frauensachen-bremen.de\/\" class=\"more-link\"><span class=\"screen-reader-text\">Home<\/span> weiterlesen <span class=\"meta-nav\">&rarr;<\/span><\/a><\/p>\n","protected":false},"author":1,"featured_media":0,"parent":0,"menu_order":0,"comment_status":"open","ping_status":"open","template":"","meta":{"footnotes":""},"class_list":["post-2","page","type-page","status-publish","hentry"],"_links":{"self":[{"href":"https:\/\/frauensachen-bremen.de\/index.php?rest_route=\/wp\/v2\/pages\/2","targetHints":{"allow":["GET"]}}],"collection":[{"href":"https:\/\/frauensachen-bremen.de\/index.php?rest_route=\/wp\/v2\/pages"}],"about":[{"href":"https:\/\/frauensachen-bremen.de\/index.php?rest_route=\/wp\/v2\/types\/page"}],"author":[{"embeddable":true,"href":"https:\/\/frauensachen-bremen.de\/index.php?rest_route=\/wp\/v2\/users\/1"}],"replies":[{"embeddable":true,"href":"https:\/\/frauensachen-bremen.de\/index.php?rest_route=%2Fwp%2Fv2%2Fcomments&post=2"}],"version-history":[{"count":11,"href":"https:\/\/frauensachen-bremen.de\/index.php?rest_route=\/wp\/v2\/pages\/2\/revisions"}],"predecessor-version":[{"id":139,"href":"https:\/\/frauensachen-bremen.de\/index.php?rest_route=\/wp\/v2\/pages\/2\/revisions\/139"}],"wp:attachment":[{"href":"https:\/\/frauensachen-bremen.de\/index.php?rest_route=%2Fwp%2Fv2%2Fmedia&parent=2"}],"curies":[{"name":"wp","href":"https:\/\/api.w.org\/{rel}","templated":true}]}}